{"id":39,"date":"2020-06-26T04:38:45","date_gmt":"2020-06-26T04:38:45","guid":{"rendered":"https:\/\/drtcapurimac.gob.pe\/portal\/?page_id=39"},"modified":"2020-08-09T19:03:50","modified_gmt":"2020-08-09T19:03:50","slug":"licencias","status":"publish","type":"page","link":"https:\/\/drtcapurimac.gob.pe\/portal\/licencias\/","title":{"rendered":"LICENCIAS"},"content":{"rendered":"\n<h2 class=\"wp-block-heading\">Tipos de Licencia de Conducir (Brevete)<\/h2>\n\n\n\n<p>La licencia de conducir es el documento oficial otorgado por el Ministerio de Transportes y Comunicaciones que autoriza a su titular a conducir un veh\u00edculo de transporte terrestre a nivel nacional. Tambi\u00e9n es conocido como \u201cBrevete\u201d.<\/p>\n\n\n\n<h4 class=\"wp-block-heading\">Licencias de Clase A<\/h4>\n\n\n\n<p>Para carros y veh\u00edculos motorizados de uso personal o comercial que trasladen pasajeros o mercanc\u00edas:<\/p>\n\n\n\n<figure class=\"wp-block-table\"><table><tbody><tr><th><\/th><th>Privado<\/th><th>Tranporte de Pasajeros<\/th><th>Transporte de Mercanc\u00edas<\/th><\/tr><tr><th><img decoding=\"async\" src=\"https:\/\/cdn.www.gob.pe\/uploads\/medium\/archive\/000\/000\/013\/thumb_Copy_of_Vehiculo-03.png\">Autom\u00f3viles<\/th><th><a href=\"http:\/\/www.gob.pe\/135-obtener-primer-brevete-obtener-una-licencia-de-conducir-categoria-a-i-primer-brevete\">A-I<\/a><\/th><th><a href=\"https:\/\/www.gob.pe\/288-recategorizacion-de-licencia-de-conducir-brevete-recategorizacion-de-licencia-de-conducir-brevete\">A-IIa<\/a><\/th><th>&#8211;<\/th><\/tr><tr><th><img decoding=\"async\" src=\"https:\/\/cdn.www.gob.pe\/uploads\/medium\/archive\/000\/000\/014\/thumb_Copy_of_Vehiculo-04.png\">Camionetas y Pickups<\/th><th><a href=\"https:\/\/www.gob.pe\/135-obtener-primer-brevete-obtener-una-licencia-de-conducir-categoria-a-i-primer-brevete\">A-I<\/a><\/th><th><a href=\"https:\/\/www.gob.pe\/288-recategorizacion-de-licencia-de-conducir-brevete-recategorizacion-de-licencia-de-conducir-brevete\">A-IIa<\/a><\/th><th><a href=\"https:\/\/www.gob.pe\/288-recategorizacion-de-licencia-de-conducir-brevete-recategorizacion-de-licencia-de-conducir-brevete\">A-IIb<\/a><\/th><\/tr><tr><th><img decoding=\"async\" src=\"https:\/\/cdn.www.gob.pe\/uploads\/medium\/archive\/000\/000\/015\/thumb_Copy_of_Vehiculo-05.png\">Furg\u00f3n cerrado<\/th><th><a href=\"https:\/\/www.gob.pe\/135-obtener-primer-brevete-obtener-una-licencia-de-conducir-categoria-a-i-primer-brevete\">A-I<\/a><\/th><th>&#8211;<\/th><th><a href=\"https:\/\/www.gob.pe\/288-recategorizacion-de-licencia-de-conducir-brevete-recategorizacion-de-licencia-de-conducir-brevete\">A-IIb<\/a><\/th><\/tr><tr><th><img decoding=\"async\" src=\"https:\/\/cdn.www.gob.pe\/uploads\/medium\/archive\/000\/000\/024\/thumb_vehiculos-11.png\">Furg\u00f3n baranda sin techo<\/th><th>&#8211;<\/th><th>&#8211;<\/th><th><a href=\"https:\/\/www.gob.pe\/288-recategorizacion-de-licencia-de-conducir-brevete-recategorizacion-de-licencia-de-conducir-brevete\">A-IIIb<\/a><\/th><\/tr><tr><th><img decoding=\"async\" src=\"https:\/\/cdn.www.gob.pe\/uploads\/medium\/archive\/000\/000\/016\/thumb_Copy_of_Vehiculo-06.png\">Microbuses o minibuses<\/th><th>&#8211;<\/th><th><a href=\"https:\/\/www.gob.pe\/288-recategorizacion-de-licencia-de-conducir-brevete-recategorizacion-de-licencia-de-conducir-brevete\">A-IIb<\/a><\/th><th>&#8211;<\/th><\/tr><tr><th><img decoding=\"async\" src=\"https:\/\/cdn.www.gob.pe\/uploads\/medium\/archive\/000\/000\/017\/thumb_Copy_of_Vehiculo-07.png\">Omnibuses urbanos<\/th><th>&#8211;<\/th><th><a href=\"https:\/\/www.gob.pe\/288-recategorizacion-de-licencia-de-conducir-brevete-recategorizacion-de-licencia-de-conducir-brevete\">A-IIIa<\/a><\/th><th>&#8211;<\/th><\/tr><tr><th><img decoding=\"async\" src=\"https:\/\/cdn.www.gob.pe\/uploads\/medium\/archive\/000\/000\/018\/thumb_Copy_of_Vehiculo-08.png\">Omnibuses interurbanos, interprovinciales y cargobuses<\/th><th>&#8211;<\/th><th><a href=\"https:\/\/www.gob.pe\/288-recategorizacion-de-licencia-de-conducir-brevete-recategorizacion-de-licencia-de-conducir-brevete\">A-IIIa<\/a><\/th><th><a href=\"https:\/\/www.gob.pe\/288-recategorizacion-de-licencia-de-conducir-brevete-recategorizacion-de-licencia-de-conducir-brevete\">A-IIIb<\/a><\/th><\/tr><tr><th><img decoding=\"async\" src=\"https:\/\/cdn.www.gob.pe\/uploads\/medium\/archive\/000\/000\/023\/thumb_vehiculos-10.png\">Chasises cabinados y de plataforma<\/th><th>&#8211;<\/th><th>&#8211;<\/th><th><a href=\"https:\/\/www.gob.pe\/288-recategorizacion-de-licencia-de-conducir-brevete-recategorizacion-de-licencia-de-conducir-brevete\">A-IIIb<\/a><\/th><\/tr><tr><th><img decoding=\"async\" src=\"https:\/\/cdn.www.gob.pe\/uploads\/medium\/archive\/000\/000\/021\/thumb_Copy_of_Vehiculo-09.png\">Remolques y gruas<\/th><th>&#8211;<\/th><th>&#8211;<\/th><th><a href=\"https:\/\/www.gob.pe\/288-recategorizacion-de-licencia-de-conducir-brevete-recategorizacion-de-licencia-de-conducir-brevete\">A-IIIb<\/a><\/th><\/tr><tr><th><img decoding=\"async\" src=\"https:\/\/cdn.www.gob.pe\/uploads\/medium\/archive\/000\/000\/022\/thumb_Copy_of_Vehiculo-10.png\">Volquetes<\/th><th>&#8211;<\/th><th>&#8211;<\/th><th><a href=\"https:\/\/www.gob.pe\/288-recategorizacion-de-licencia-de-conducir-brevete-recategorizacion-de-licencia-de-conducir-brevete\">A-IIIb<\/a><\/th><\/tr><\/tbody><\/table><\/figure>\n\n\n\n<p><strong>Licencia A-I:<\/strong>\u00a0Es el m\u00e1s com\u00fan y te permite manejar carros como sedanes, coup\u00e9 , hatchback, convertibles, station wagon, SUV, Areneros, Pickup y furgones. Es necesaria para obtener las dem\u00e1s licencias de Clase A.<\/p>\n\n\n\n<p><strong>Licencia A-IIa:<\/strong>&nbsp;Los mismos que A-1 y tambi\u00e9n carros oficiales de transporte de pasajeros como Taxis, Buses, Ambulancias y Transporte Interprovincial. Primero debes obtener la Licencia A-I.<\/p>\n\n\n\n<p><strong>Licencia A-IIb:<\/strong>&nbsp;Los mismos que A-1, A-IIa y tambi\u00e9n Microbuses de hasta 16 asientos y 4 toneladas de peso bruto y Minibuses hasta 33 asientos y 7 toneladas de peso bruto. Primero debes obtener la Licencia A-I.<\/p>\n\n\n\n<p><strong>Licencia A-IIIa:<\/strong>&nbsp;Los mismos que A-I, A-IIa y AIIb y tambi\u00e9n vehiculos con m\u00e1s de 6 toneladas como omnibuses urbanos, interurbanos, panor\u00e1micos y articulados. Primero debes obtener la Licencia A-I.<\/p>\n\n\n\n<p><strong>Licencia A-IIIb:<\/strong>&nbsp;Los mismos que A-I, A-IIa y A-IIb (pero no A-IIIa) y tambi\u00e9n veh\u00edculos de chasis cabinado, remolques, gruas, cargobus, plataforma, baranda y volquetes. Primero debes obtener la Licencia A-I.<\/p>\n\n\n\n<p><strong>Licencia A-IIIc:<\/strong>&nbsp;Los mismos que A-I, A-IIa, AIIb, A-IIIa y A-IIIb. Primero debes obtener la Licencia A-I.<\/p>\n\n\n\n<h5 class=\"wp-block-heading\">Licencias de Clase B (2 o 3 ruedas)&nbsp;<\/h5>\n\n\n\n<p>Para triciclos, bicimotos, motos, mototaxis y trimotos para uso personal o comercial que trasladen pasajeros o mercanc\u00edas.&nbsp;<\/p>\n\n\n\n<p><strong>Licencia B-I:<\/strong>&nbsp;Veh\u00edculos no motorizados de 3 ruedas (triciclos) para transporte p\u00fablico especial de pasajeros.<\/p>\n\n\n\n<p><strong>Licencia B-IIa:<\/strong>&nbsp;Bicimotos para transportar pasajeros o mercanc\u00edas.<\/p>\n\n\n\n<p><strong>Licencia B-IIb:<\/strong>&nbsp;Los mismos que B-IIa y tambi\u00e9n Motocicletas (2 ruedas) o Motocicletas con Sidecar (3 ruedas) para transportar pasajeros o mercanc\u00edas.<\/p>\n\n\n\n<p><strong>Licencia B-IIc:<\/strong>&nbsp;Los mismos que B-IIa y B-IIb y tambi\u00e9n Mototaxis y Trimotos (3 ruedas) destinadas al transporte de pasajeros.<\/p>\n\n\n\n<p><strong>Las cuatrimotos no pueden transitar por la v\u00eda p\u00fablica<\/strong>, solo pueden usarse para fines recreativos en propiedades privadas. Por lo tanto, no llevan placa de rodaje, no tienen tarjeta de propiedad ni tampoco necesitan una licencia de conducir.<\/p>\n\n\n\n<blockquote class=\"wp-block-quote\"><p><strong>Importante <\/strong><\/p><p><strong>Para transportar materiales y\/o residuos peligrosos, se debe solicitar:<\/strong><\/p><ul><li><strong>Permiso de operaci\u00f3n especial<\/strong>&nbsp;para transporte de materiales y\/o residuos peligrosos por carretera y&nbsp;<strong>habilitaci\u00f3n vehicular<\/strong>. El permiso y la habilitaci\u00f3n se otorgan por un periodo de 5 a\u00f1os, siempre y cuando los veh\u00edculos sean propios. Si est\u00e1n bajo contrato de arrendamiento financiero u operativo, ambos se otorgar\u00e1n por el tiempo que se indique en dicho contrato.<\/li><li> La&nbsp;<strong>habilitaci\u00f3n vehicular especial<\/strong>&nbsp;se solicita cuando la empresa ya cuenta con autorizaci\u00f3n, pero requiere incrementar su flota o sustituir sus veh\u00edculos y\/o unidades.<\/li><\/ul><\/blockquote>\n\n\n\n<pre class=\"wp-block-preformatted\">Fuente :&nbsp;<a href=\"https:\/\/www.gob.pe\/262-tipos-de-licencia-de-conducir-brevete\">https:\/\/www.gob.pe\/262-tipos-de-licencia-de-conducir-brevete<\/a><\/pre>\n\n\n\n<p><\/p>\n","protected":false},"excerpt":{"rendered":"<p>Tipos de Licencia de Conducir (Brevete) La licencia de conducir es el documento oficial otorgado por el Ministerio de Transportes y Comunicaciones que autoriza a su titular a conducir un&hellip; <\/p>\n","protected":false},"author":1,"featured_media":266,"parent":0,"menu_order":0,"comment_status":"closed","ping_status":"closed","template":"","meta":{"footnotes":""},"class_list":["post-39","page","type-page","status-publish","has-post-thumbnail","hentry"],"_links":{"self":[{"href":"https:\/\/drtcapurimac.gob.pe\/portal\/wp-json\/wp\/v2\/pages\/39","targetHints":{"allow":["GET"]}}],"collection":[{"href":"https:\/\/drtcapurimac.gob.pe\/portal\/wp-json\/wp\/v2\/pages"}],"about":[{"href":"https:\/\/drtcapurimac.gob.pe\/portal\/wp-json\/wp\/v2\/types\/page"}],"author":[{"embeddable":true,"href":"https:\/\/drtcapurimac.gob.pe\/portal\/wp-json\/wp\/v2\/users\/1"}],"replies":[{"embeddable":true,"href":"https:\/\/drtcapurimac.gob.pe\/portal\/wp-json\/wp\/v2\/comments?post=39"}],"version-history":[{"count":3,"href":"https:\/\/drtcapurimac.gob.pe\/portal\/wp-json\/wp\/v2\/pages\/39\/revisions"}],"predecessor-version":[{"id":502,"href":"https:\/\/drtcapurimac.gob.pe\/portal\/wp-json\/wp\/v2\/pages\/39\/revisions\/502"}],"wp:featuredmedia":[{"embeddable":true,"href":"https:\/\/drtcapurimac.gob.pe\/portal\/wp-json\/wp\/v2\/media\/266"}],"wp:attachment":[{"href":"https:\/\/drtcapurimac.gob.pe\/portal\/wp-json\/wp\/v2\/media?parent=39"}],"curies":[{"name":"wp","href":"https:\/\/api.w.org\/{rel}","templated":true}]}}