{"id":21,"date":"2020-06-26T04:35:04","date_gmt":"2020-06-26T04:35:04","guid":{"rendered":"https:\/\/drtcapurimac.gob.pe\/portal\/?page_id=21"},"modified":"2025-06-26T14:01:32","modified_gmt":"2025-06-26T14:01:32","slug":"mision-y-vision","status":"publish","type":"page","link":"https:\/\/drtcapurimac.gob.pe\/portal\/mision-y-vision\/","title":{"rendered":"MISI\u00d3N Y VISI\u00d3N"},"content":{"rendered":"\n<h4 class=\"has-text-align-center wp-block-heading\">MISI\u00d3N:<\/h4>\n\n\n\n<p><strong>A NIVEL GENERAL<\/strong><\/p>\n\n\n\n<p>La Direcci\u00f3n Regional de Transportes y Comunicaciones de Apur\u00edmac, como \u00f3rgano desconcentrado del Gobierno Regional de Apur\u00edmac, es la responsable de la prestaci\u00f3n de los servicios p\u00fablicos inherentes a las actividades de Infraestructura Vial,Transporte Terrestre y Comunicaciones en el \u00e1mbito de la Regi\u00f3n Apur\u00edmac.<\/p>\n\n\n\n<div class=\"wp-block-columns is-layout-flex wp-container-core-columns-is-layout-9d6595d7 wp-block-columns-is-layout-flex\">\n<div class=\"wp-block-column is-vertically-aligned-center is-layout-flow wp-block-column-is-layout-flow\">\n<figure class=\"wp-block-image size-large\"><img loading=\"lazy\" decoding=\"async\" width=\"1024\" height=\"768\" src=\"https:\/\/drtcapurimac.gob.pe\/portal\/wp-content\/uploads\/2025\/06\/yacas6-1024x768.jpg\" alt=\"\" class=\"wp-image-16697\" srcset=\"https:\/\/drtcapurimac.gob.pe\/portal\/wp-content\/uploads\/2025\/06\/yacas6-1024x768.jpg 1024w, https:\/\/drtcapurimac.gob.pe\/portal\/wp-content\/uploads\/2025\/06\/yacas6-300x225.jpg 300w, https:\/\/drtcapurimac.gob.pe\/portal\/wp-content\/uploads\/2025\/06\/yacas6-768x576.jpg 768w, https:\/\/drtcapurimac.gob.pe\/portal\/wp-content\/uploads\/2025\/06\/yacas6-1536x1152.jpg 1536w, https:\/\/drtcapurimac.gob.pe\/portal\/wp-content\/uploads\/2025\/06\/yacas6.jpg 1890w\" sizes=\"auto, (max-width: 1024px) 100vw, 1024px\" \/><\/figure>\n<\/div>\n\n\n\n<div class=\"wp-block-column is-layout-flow wp-block-column-is-layout-flow\">\n<p><strong>INFRAESTRUCTURA VIAL<\/strong><\/p>\n\n\n\n<p>El rol principal del sector en lo que respecta a Infraestructura Vial es el apoyo a la actividad socio-econ\u00f3mica mediante la articulaci\u00f3n territorial de la Regi\u00f3n , concretamente en dotar de adecuados niveles de transitabilidad a la Red Vial de la regi\u00f3n, evitando el deterioro del Patrimonio Vial induciendo la reducci\u00f3n de accidentes y costos de transporte.<\/p>\n\n\n\n<p><strong>TRANSPORTE TERRESTRE<\/strong><\/p>\n\n\n\n<p>Lograr un adecuado servicio de transporte en especial en lo relativo al transporte interprovincial de pasajeros, implementando sistemas de control para el cumplimiento de normas legales, seguridad vial, caracter\u00edsticas t\u00e9cnicas, etc. as\u00ed como expedir y renovar las Licencias de Conducir a conductores de veh\u00edculos motorizados en sus diferentes categor\u00edas.<\/p>\n\n\n\n<p><strong>COMUNICACIONES<\/strong><\/p>\n\n\n\n<p>Contribuir al desarrollo productivo y social de la regi\u00f3n a trav\u00e9s de la promoci\u00f3n de Proyectos de Comunicaciones y de incrementar el acceso de la poblaci\u00f3n a los servicios de telecomunicaciones principalmente en \u00e1reas rurales.<\/p>\n<\/div>\n<\/div>\n\n\n\n<hr class=\"wp-block-separator\"\/>\n\n\n\n<h4 class=\"has-text-align-center wp-block-heading\">VISI\u00d3N:<\/h4>\n\n\n\n<div class=\"wp-block-columns is-layout-flex wp-container-core-columns-is-layout-9d6595d7 wp-block-columns-is-layout-flex\">\n<div class=\"wp-block-column is-layout-flow wp-block-column-is-layout-flow\">\n<p>Que la Regi\u00f3n Apur\u00edmac en el contexto de la Macro Regi\u00f3n Sur del pa\u00eds tenga un adecuado acondicionamiento territorial contando con una moderna infraestructura vial, aeroportuaria y de comunicaciones.<\/p>\n\n\n\n<p>Espec\u00edficamente que los principales ejes de articulaci\u00f3n regional o interregional est\u00e9n totalmente asfaltados y adecuadamente se\u00f1alizados, sus puertos y aer\u00f3dromos est\u00e9n implementados adecuadamente, asimismo que la poblaci\u00f3n tenga adecuados servicios de transporte p\u00fablico interprovincial de pasajeros y se cuente con conductores debidamente preparados y acreditados, y consecuentemente interconectados mediante una red de Telecomunicaciones al servicio de la poblaci\u00f3n rural y urbana.<\/p>\n<\/div>\n\n\n\n<div class=\"wp-block-column is-vertically-aligned-center is-layout-flow wp-block-column-is-layout-flow\">\n<figure class=\"wp-block-image size-large\"><img loading=\"lazy\" decoding=\"async\" width=\"1024\" height=\"768\" src=\"https:\/\/drtcapurimac.gob.pe\/portal\/wp-content\/uploads\/2025\/06\/504335935_1275000257959932_3157758119958641236_n-1-1024x768.jpg\" alt=\"\" class=\"wp-image-16699\" srcset=\"https:\/\/drtcapurimac.gob.pe\/portal\/wp-content\/uploads\/2025\/06\/504335935_1275000257959932_3157758119958641236_n-1-1024x768.jpg 1024w, https:\/\/drtcapurimac.gob.pe\/portal\/wp-content\/uploads\/2025\/06\/504335935_1275000257959932_3157758119958641236_n-1-300x225.jpg 300w, https:\/\/drtcapurimac.gob.pe\/portal\/wp-content\/uploads\/2025\/06\/504335935_1275000257959932_3157758119958641236_n-1-768x576.jpg 768w, https:\/\/drtcapurimac.gob.pe\/portal\/wp-content\/uploads\/2025\/06\/504335935_1275000257959932_3157758119958641236_n-1-1536x1152.jpg 1536w, https:\/\/drtcapurimac.gob.pe\/portal\/wp-content\/uploads\/2025\/06\/504335935_1275000257959932_3157758119958641236_n-1.jpg 1890w\" sizes=\"auto, (max-width: 1024px) 100vw, 1024px\" \/><\/figure>\n<\/div>\n<\/div>\n","protected":false},"excerpt":{"rendered":"<p>MISI\u00d3N: A NIVEL GENERAL La Direcci\u00f3n Regional de Transportes y Comunicaciones de Apur\u00edmac, como \u00f3rgano desconcentrado del Gobierno Regional de Apur\u00edmac, es la responsable de la prestaci\u00f3n de los servicios&hellip; <\/p>\n","protected":false},"author":1,"featured_media":266,"parent":0,"menu_order":0,"comment_status":"closed","ping_status":"closed","template":"","meta":{"footnotes":""},"class_list":["post-21","page","type-page","status-publish","has-post-thumbnail","hentry"],"_links":{"self":[{"href":"https:\/\/drtcapurimac.gob.pe\/portal\/wp-json\/wp\/v2\/pages\/21","targetHints":{"allow":["GET"]}}],"collection":[{"href":"https:\/\/drtcapurimac.gob.pe\/portal\/wp-json\/wp\/v2\/pages"}],"about":[{"href":"https:\/\/drtcapurimac.gob.pe\/portal\/wp-json\/wp\/v2\/types\/page"}],"author":[{"embeddable":true,"href":"https:\/\/drtcapurimac.gob.pe\/portal\/wp-json\/wp\/v2\/users\/1"}],"replies":[{"embeddable":true,"href":"https:\/\/drtcapurimac.gob.pe\/portal\/wp-json\/wp\/v2\/comments?post=21"}],"version-history":[{"count":13,"href":"https:\/\/drtcapurimac.gob.pe\/portal\/wp-json\/wp\/v2\/pages\/21\/revisions"}],"predecessor-version":[{"id":16700,"href":"https:\/\/drtcapurimac.gob.pe\/portal\/wp-json\/wp\/v2\/pages\/21\/revisions\/16700"}],"wp:featuredmedia":[{"embeddable":true,"href":"https:\/\/drtcapurimac.gob.pe\/portal\/wp-json\/wp\/v2\/media\/266"}],"wp:attachment":[{"href":"https:\/\/drtcapurimac.gob.pe\/portal\/wp-json\/wp\/v2\/media?parent=21"}],"curies":[{"name":"wp","href":"https:\/\/api.w.org\/{rel}","templated":true}]}}